{"id":5,"date":"2018-01-07T17:03:37","date_gmt":"2018-01-07T17:03:37","guid":{"rendered":"https:\/\/lf.redeescolardeciencia.pt\/?page_id=5"},"modified":"2018-01-09T16:44:38","modified_gmt":"2018-01-09T16:44:38","slug":"home","status":"publish","type":"page","link":"https:\/\/lf.redeescolardeciencia.pt\/","title":{"rendered":"Home"},"content":{"rendered":"<p>1) Monitoriza\u00e7\u00e3o de sistemas din\u00e2micos (ex. evolu\u00e7\u00e3o de manchas de vegeta\u00e7\u00e3o invasora-infestante; evolu\u00e7\u00e3o do perfil de praia-duna; determina\u00e7\u00e3o das caracter\u00edsticas de ondula\u00e7\u00e3o \u2013 velocidade, orienta\u00e7\u00e3o, per\u00edodo e padr\u00f5es de interfer\u00eancia com estruturas constru\u00eddas e naturais \u2013 refra\u00e7\u00e3o e reflex\u00e3o de ondas);<\/p>\n<p>2) apoio \u00e0 cartografia geomorfol\u00f3gica (m\u00e9dia escala \u2013 ex. superf\u00edcies de aplanamento e alinhamentos estruturais; grande escala \u2013 ex. plataformas costeiras);<\/p>\n<p>3) reconstitui\u00e7\u00e3o fotogram\u00e9trica de geoformas de grande escala;<\/p>\n<p>4) cadastro de patrim\u00f3nio constru\u00eddo (incluindo patrim\u00f3nio arqueol\u00f3gico);<\/p>\n<p>5) impress\u00e3o de maquetes para an\u00e1lise estrutural e cadastral.<\/p>\n","protected":false},"excerpt":{"rendered":"<p>1) Monitoriza\u00e7\u00e3o de sistemas din\u00e2micos (ex. evolu\u00e7\u00e3o de manchas de vegeta\u00e7\u00e3o invasora-infestante; evolu\u00e7\u00e3o do perfil de praia-duna; determina\u00e7\u00e3o das caracter\u00edsticas de ondula\u00e7\u00e3o \u2013 velocidade, orienta\u00e7\u00e3o, [&hellip;]<\/p>\n","protected":false},"author":1,"featured_media":0,"parent":0,"menu_order":0,"comment_status":"closed","ping_status":"closed","template":"template-home.php","meta":{"footnotes":""},"class_list":["post-5","page","type-page","status-publish","hentry"],"_links":{"self":[{"href":"https:\/\/lf.redeescolardeciencia.pt\/index.php?rest_route=\/wp\/v2\/pages\/5","targetHints":{"allow":["GET"]}}],"collection":[{"href":"https:\/\/lf.redeescolardeciencia.pt\/index.php?rest_route=\/wp\/v2\/pages"}],"about":[{"href":"https:\/\/lf.redeescolardeciencia.pt\/index.php?rest_route=\/wp\/v2\/types\/page"}],"author":[{"embeddable":true,"href":"https:\/\/lf.redeescolardeciencia.pt\/index.php?rest_route=\/wp\/v2\/users\/1"}],"replies":[{"embeddable":true,"href":"https:\/\/lf.redeescolardeciencia.pt\/index.php?rest_route=%2Fwp%2Fv2%2Fcomments&post=5"}],"version-history":[{"count":5,"href":"https:\/\/lf.redeescolardeciencia.pt\/index.php?rest_route=\/wp\/v2\/pages\/5\/revisions"}],"predecessor-version":[{"id":25,"href":"https:\/\/lf.redeescolardeciencia.pt\/index.php?rest_route=\/wp\/v2\/pages\/5\/revisions\/25"}],"wp:attachment":[{"href":"https:\/\/lf.redeescolardeciencia.pt\/index.php?rest_route=%2Fwp%2Fv2%2Fmedia&parent=5"}],"curies":[{"name":"wp","href":"https:\/\/api.w.org\/{rel}","templated":true}]}}